{"id":92,"date":"2023-01-18T18:33:12","date_gmt":"2023-01-18T17:33:12","guid":{"rendered":"http:\/\/speed-services-auto.ddns.net\/?page_id=92"},"modified":"2023-01-18T18:33:21","modified_gmt":"2023-01-18T17:33:21","slug":"decalaminage","status":"publish","type":"page","link":"https:\/\/speed-services-auto.ddns.net\/index.php\/decalaminage\/","title":{"rendered":"D\u00e9calaminage"},"content":{"rendered":"\n<h2 class=\"wp-block-heading\"><strong>Pourquoi le d\u00e9calaminage s&rsquo;impose ?<\/strong><\/h2>\n\n\n\n<p><br>C&rsquo;est la combustion, au c\u0153ur de votre moteur qui est responsable d\u2019un d\u00e9p\u00f4t de suie dans les cylindres, les pistons, le filtre \u00e0 particules, la vanne EGR et le turbo.<br><br>Encrass\u00e9es, les pi\u00e8ces emp\u00eachent le moteur de fonctionner correctement. Si la calamine (suie) n\u2019est pas \u00e9limin\u00e9e r\u00e9guli\u00e8rement, les pannes se manifestent et l\u2019addition peut vite \u00eatre sal\u00e9e (comptez environ 350 euros pour la vanne EGR et jusqu\u2019\u00e0 2 000 euros pour un turbo.)<\/p>\n\n\n\n<ul class=\"wp-block-list\">\n<li>Un d\u00e9marrage parfois difficile ?<\/li>\n\n\n\n<li>Des performances motrices moindres ?<\/li>\n\n\n\n<li>Une consommation en hausse ?<\/li>\n\n\n\n<li>Des voyants tableau de bord allum\u00e9s ?<\/li>\n\n\n\n<li>Probl\u00e8me de contr\u00f4le technique (polluants) ?<\/li>\n<\/ul>\n\n\n\n<h2 class=\"wp-block-heading\"><strong>Le coupable, dans plus de 75% des cas ?&nbsp;L\u2019encrassement de votre moteur.<\/strong><\/h2>\n\n\n\n<p>Le d\u00e9calaminage nettoie en profondeur les moteurs de la calamine, en injectant de l\u2019hydrog\u00e8ne dans l\u2019admission d\u2019air.<br>Le parcours de cet hydrog\u00e8ne assure la r\u00e9g\u00e9n\u00e9ration de toutes les pi\u00e8ces motrices. R\u00e9g\u00e9n\u00e9r\u00e9, le moteur retrouve son couple, les d\u00e9fauts sont corrig\u00e9s et les polluants \u00e9limin\u00e9s de plus de moiti\u00e9.<\/p>\n\n\n\n<h2 class=\"wp-block-heading\"><strong>Pourquoi privil\u00e9gier un d\u00e9calaminage par hydrog\u00e8ne aux additifs chimiques ?<\/strong><\/h2>\n\n\n\n<p><br>Le d\u00e9calaminage par hydrog\u00e8ne est produit par l&rsquo;am\u00e9lioration d&rsquo;un ph\u00e9nom\u00e8ne naturel, qui est l&rsquo;enrichissement du m\u00e9lange air\/carburant dans votre moteur \u00e0 combustion.<br><br>Ce proc\u00e9d\u00e9 est efficace et non agressif puisqu\u2019il n\u2019introduit aucn produit chimique et corrosif dans votre moteur.<br>La calamine est tout simplement dissoute dans le moteur, et s&rsquo;\u00e9vacue naturellement avec les gaz d&rsquo;\u00e9chappement o\u00f9 elle est collect\u00e9e dans un filtre pr\u00e9vu \u00e0 cet effet.<\/p>\n","protected":false},"excerpt":{"rendered":"<p>Pourquoi le d\u00e9calaminage s&rsquo;impose ? C&rsquo;est la combustion, au c\u0153ur de votre moteur qui est responsable d\u2019un d\u00e9p\u00f4t de suie dans les cylindres, les pistons, le filtre \u00e0 particules, la vanne EGR et le turbo. Encrass\u00e9es, les pi\u00e8ces emp\u00eachent le moteur de fonctionner correctement. Si la calamine (suie) n\u2019est pas \u00e9limin\u00e9e r\u00e9guli\u00e8rement, les pannes se<\/p><\/div>\n<div class=\"blog-btn\"><a href=\"https:\/\/speed-services-auto.ddns.net\/index.php\/decalaminage\/\" class=\"home-blog-btn\">Lire la suite<\/a><\/p>\n","protected":false},"author":1,"featured_media":0,"parent":0,"menu_order":5,"comment_status":"closed","ping_status":"closed","template":"","meta":{"footnotes":""},"class_list":["post-92","page","type-page","status-publish","hentry"],"_links":{"self":[{"href":"https:\/\/speed-services-auto.ddns.net\/index.php\/wp-json\/wp\/v2\/pages\/92","targetHints":{"allow":["GET"]}}],"collection":[{"href":"https:\/\/speed-services-auto.ddns.net\/index.php\/wp-json\/wp\/v2\/pages"}],"about":[{"href":"https:\/\/speed-services-auto.ddns.net\/index.php\/wp-json\/wp\/v2\/types\/page"}],"author":[{"embeddable":true,"href":"https:\/\/speed-services-auto.ddns.net\/index.php\/wp-json\/wp\/v2\/users\/1"}],"replies":[{"embeddable":true,"href":"https:\/\/speed-services-auto.ddns.net\/index.php\/wp-json\/wp\/v2\/comments?post=92"}],"version-history":[{"count":1,"href":"https:\/\/speed-services-auto.ddns.net\/index.php\/wp-json\/wp\/v2\/pages\/92\/revisions"}],"predecessor-version":[{"id":93,"href":"https:\/\/speed-services-auto.ddns.net\/index.php\/wp-json\/wp\/v2\/pages\/92\/revisions\/93"}],"wp:attachment":[{"href":"https:\/\/speed-services-auto.ddns.net\/index.php\/wp-json\/wp\/v2\/media?parent=92"}],"curies":[{"name":"wp","href":"https:\/\/api.w.org\/{rel}","templated":true}]}}