{"id":86,"date":"2023-01-18T18:27:02","date_gmt":"2023-01-18T17:27:02","guid":{"rendered":"http:\/\/speed-services-auto.ddns.net\/?page_id=86"},"modified":"2023-01-18T18:28:10","modified_gmt":"2023-01-18T17:28:10","slug":"diagnostic","status":"publish","type":"page","link":"https:\/\/speed-services-auto.ddns.net\/index.php\/diagnostic\/","title":{"rendered":"Diagnostic"},"content":{"rendered":"\n<h2 class=\"wp-block-heading\">Qu\u2019est-ce qu\u2019un diagnostic auto&nbsp;?<\/h2>\n\n\n\n<p>Le diagnostic auto vous permet d\u2019identifier un \u00e9ventuel probl\u00e8me sur votre v\u00e9hicule. Vous pouvez demander un diagnostic quand vous suspectez une&nbsp;panne&nbsp;ou un dysfonctionnement.<\/p>\n\n\n\n<p>A l\u2019aide d\u2019une&nbsp;<strong>valise de diagnostic auto<\/strong>, le m\u00e9canicien identifie le probl\u00e8me subi par votre v\u00e9hicule. Il peut alors vous proposer des solutions pour le r\u00e9parer.<\/p>\n\n\n\n<h2 class=\"wp-block-heading\">Pourquoi faire un diagnostic auto&nbsp;?<\/h2>\n\n\n\n<p>Le diagnostic auto intervient lorsque vous suspectez d\u00e9j\u00e0 un probl\u00e8me sur votre v\u00e9hicule. Il s\u2019oppose donc au simple&nbsp;contr\u00f4le technique, qui est une d\u00e9marche de pr\u00e9vention.<\/p>\n\n\n\n<p>Par cons\u00e9quent, r\u00e9aliser un diagnostic auto est une op\u00e9ration souvent indispensable. Cette d\u00e9marche vous permet d\u2019\u00e9viter tout&nbsp;accident de la circulation, ou tout simplement de subir une panne. Il en va de votre s\u00e9curit\u00e9 ainsi que de celles des autres usagers de la route.<\/p>\n\n\n\n<p><strong>Voici quelques situations qui doivent vous conduire \u00e0 effectuer un diagnostic auto&nbsp;:<\/strong><\/p>\n\n\n\n<ul class=\"wp-block-list\">\n<li>Un voyant s\u2019allume sur votre tableau de bord.<\/li>\n\n\n\n<li>Votre v\u00e9hicule produit un vrombissement constant, des cliquetis, ou tout autre son inhabituel.<\/li>\n\n\n\n<li>Vous constatez un son bruyant au moment du freinage.<\/li>\n\n\n\n<li>Vous avez du mal \u00e0 d\u00e9marrer votre v\u00e9hicule et devez vous y prendre \u00e0 plusieurs reprises.<\/li>\n<\/ul>\n\n\n\n<p>Tous ces sympt\u00f4mes probl\u00e9matiques doivent vous pousser \u00e0 consulter un sp\u00e9cialiste.<\/p>\n\n\n\n<h2 class=\"wp-block-heading\"><strong>Voici les 5 grandes \u00e9tapes du diagnostic auto&nbsp;:<\/strong><\/h2>\n\n\n\n<ol class=\"wp-block-list\">\n<li><strong>Analyse de la panne&nbsp;:<\/strong>&nbsp;le m\u00e9canicien recense les diff\u00e9rents sympt\u00f4mes anormaux que vous avez rep\u00e9r\u00e9s. C\u2019est le moment de tout lui dire&nbsp;: d\u00e9but du probl\u00e8me, historique des r\u00e9parations auto de votre v\u00e9hicule, accident r\u00e9cent, etc&#8230;<\/li>\n\n\n\n<li><strong>Identification du probl\u00e8me&nbsp;:<\/strong>&nbsp;le m\u00e9canicien proc\u00e8de au diagnostic \u00e0 l\u2019aide de la valise. Il v\u00e9rifie la source du probl\u00e8me&#8230;<\/li>\n\n\n\n<li><strong>Recherche des solutions&nbsp;:<\/strong>&nbsp;le m\u00e9canicien vous propose les r\u00e9parations n\u00e9cessaires \u00e0 la remise en \u00e9tat de votre v\u00e9hicule. Il peut vous faire signer un&nbsp;devis auto&#8230;<\/li>\n\n\n\n<li><strong>R\u00e9paration&nbsp;:&nbsp;<\/strong>le m\u00e9canicien proc\u00e8de, sur votre accord, aux r\u00e9parations et au remplacement \u00e9ventuel des pi\u00e8ces&#8230;<\/li>\n\n\n\n<li><strong>V\u00e9rification&nbsp;:<\/strong>&nbsp;le m\u00e9canicien a proc\u00e9d\u00e9 aux r\u00e9parations, vous constatez la bonne marche de votre v\u00e9hicule et pouvez reprendre la route&#8230;<\/li>\n<\/ol>\n","protected":false},"excerpt":{"rendered":"<p>Qu\u2019est-ce qu\u2019un diagnostic auto&nbsp;? Le diagnostic auto vous permet d\u2019identifier un \u00e9ventuel probl\u00e8me sur votre v\u00e9hicule. Vous pouvez demander un diagnostic quand vous suspectez une&nbsp;panne&nbsp;ou un dysfonctionnement. A l\u2019aide d\u2019une&nbsp;valise de diagnostic auto, le m\u00e9canicien identifie le probl\u00e8me subi par votre v\u00e9hicule. Il peut alors vous proposer des solutions pour le r\u00e9parer. Pourquoi faire un<\/p><\/div>\n<div class=\"blog-btn\"><a href=\"https:\/\/speed-services-auto.ddns.net\/index.php\/diagnostic\/\" class=\"home-blog-btn\">Lire la suite<\/a><\/p>\n","protected":false},"author":1,"featured_media":0,"parent":0,"menu_order":3,"comment_status":"closed","ping_status":"closed","template":"","meta":{"footnotes":""},"class_list":["post-86","page","type-page","status-publish","hentry"],"_links":{"self":[{"href":"https:\/\/speed-services-auto.ddns.net\/index.php\/wp-json\/wp\/v2\/pages\/86","targetHints":{"allow":["GET"]}}],"collection":[{"href":"https:\/\/speed-services-auto.ddns.net\/index.php\/wp-json\/wp\/v2\/pages"}],"about":[{"href":"https:\/\/speed-services-auto.ddns.net\/index.php\/wp-json\/wp\/v2\/types\/page"}],"author":[{"embeddable":true,"href":"https:\/\/speed-services-auto.ddns.net\/index.php\/wp-json\/wp\/v2\/users\/1"}],"replies":[{"embeddable":true,"href":"https:\/\/speed-services-auto.ddns.net\/index.php\/wp-json\/wp\/v2\/comments?post=86"}],"version-history":[{"count":1,"href":"https:\/\/speed-services-auto.ddns.net\/index.php\/wp-json\/wp\/v2\/pages\/86\/revisions"}],"predecessor-version":[{"id":87,"href":"https:\/\/speed-services-auto.ddns.net\/index.php\/wp-json\/wp\/v2\/pages\/86\/revisions\/87"}],"wp:attachment":[{"href":"https:\/\/speed-services-auto.ddns.net\/index.php\/wp-json\/wp\/v2\/media?parent=86"}],"curies":[{"name":"wp","href":"https:\/\/api.w.org\/{rel}","templated":true}]}}