{"id":37,"date":"2023-01-18T15:47:07","date_gmt":"2023-01-18T14:47:07","guid":{"rendered":"http:\/\/speed-services-auto.ddns.net\/index.php\/portfolio\/"},"modified":"2023-01-18T19:40:50","modified_gmt":"2023-01-18T18:40:50","slug":"parallelisme","status":"publish","type":"page","link":"https:\/\/speed-services-auto.ddns.net\/index.php\/parallelisme\/","title":{"rendered":"Parall\u00e9lisme"},"content":{"rendered":"<h2>QUAND FAIRE LE PARALL\u00c9LISME DE VOTRE VOITURE ?<\/h2>\n<p>Pour savoir quand faire un parall\u00e9lisme, plusieurs crit\u00e8res peuvent vous mettre sur la voie. D\u2019abord, il existe un rep\u00e8re temporel et kilom\u00e9trique tr\u00e8s simple. Si vous n\u2019observez pas de signes particuliers, vous pouvez envisager un contr\u00f4le de la g\u00e9om\u00e9trie, incluant le parall\u00e9lisme, par ann\u00e9e. Cette d\u00e9marche peut \u00eatre organis\u00e9e \u00e0 l\u2019occasion de la visite annuelle chez votre garagiste ou en m\u00eame temps que votre r\u00e9vision. Cette r\u00e9gularit\u00e9 vous permet de vous assurer une excellente stabilit\u00e9 sur la route en permanence. Un parall\u00e9lisme ponctuel, effectu\u00e9 tous les 20 000 km environ, assure \u00e9galement la dur\u00e9e de vie maximale de vos pneumatiques.<\/p>\n<p>Afin de savoir quand faire le parall\u00e9lisme de votre voiture, vous pouvez aussi vous baser sur le carnet d\u2019entretien de votre v\u00e9hicule. Ce r\u00e9glage des roues est enfin indispensable dans les cas suivants :<\/p>\n<ul>\n<li>Vous avez observ\u00e9 une usure anormale des pneus<\/li>\n<li>Votre voiture a subi un choc<\/li>\n<li>Le volant ne se situe pas dans l\u2019axe normal<\/li>\n<li>La tenue de route n\u2019est pas bonne<\/li>\n<li>Les pneus crissent<\/li>\n<li>Vous sentez que votre v\u00e9hicule tire d\u2019un c\u00f4t\u00e9 ou de l\u2019autre sans tourner le volant<\/li>\n<\/ul>\n","protected":false},"excerpt":{"rendered":"<p>QUAND FAIRE LE PARALL\u00c9LISME DE VOTRE VOITURE ? Pour savoir quand faire un parall\u00e9lisme, plusieurs crit\u00e8res peuvent vous mettre sur la voie. D\u2019abord, il existe un rep\u00e8re temporel et kilom\u00e9trique tr\u00e8s simple. Si vous n\u2019observez pas de signes particuliers, vous pouvez envisager un contr\u00f4le de la g\u00e9om\u00e9trie, incluant le parall\u00e9lisme, par ann\u00e9e. Cette d\u00e9marche peut<\/p><\/div>\n<div class=\"blog-btn\"><a href=\"https:\/\/speed-services-auto.ddns.net\/index.php\/parallelisme\/\" class=\"home-blog-btn\">Lire la suite<\/a><\/p>\n","protected":false},"author":1,"featured_media":0,"parent":0,"menu_order":4,"comment_status":"closed","ping_status":"closed","template":"template\/template-page-full-width.php","meta":{"footnotes":""},"class_list":["post-37","page","type-page","status-publish","hentry"],"_links":{"self":[{"href":"https:\/\/speed-services-auto.ddns.net\/index.php\/wp-json\/wp\/v2\/pages\/37","targetHints":{"allow":["GET"]}}],"collection":[{"href":"https:\/\/speed-services-auto.ddns.net\/index.php\/wp-json\/wp\/v2\/pages"}],"about":[{"href":"https:\/\/speed-services-auto.ddns.net\/index.php\/wp-json\/wp\/v2\/types\/page"}],"author":[{"embeddable":true,"href":"https:\/\/speed-services-auto.ddns.net\/index.php\/wp-json\/wp\/v2\/users\/1"}],"replies":[{"embeddable":true,"href":"https:\/\/speed-services-auto.ddns.net\/index.php\/wp-json\/wp\/v2\/comments?post=37"}],"version-history":[{"count":3,"href":"https:\/\/speed-services-auto.ddns.net\/index.php\/wp-json\/wp\/v2\/pages\/37\/revisions"}],"predecessor-version":[{"id":91,"href":"https:\/\/speed-services-auto.ddns.net\/index.php\/wp-json\/wp\/v2\/pages\/37\/revisions\/91"}],"wp:attachment":[{"href":"https:\/\/speed-services-auto.ddns.net\/index.php\/wp-json\/wp\/v2\/media?parent=37"}],"curies":[{"name":"wp","href":"https:\/\/api.w.org\/{rel}","templated":true}]}}