{"id":33,"date":"2023-01-18T15:47:07","date_gmt":"2023-01-18T14:47:07","guid":{"rendered":"http:\/\/speed-services-auto.ddns.net\/index.php\/about\/"},"modified":"2023-01-18T18:06:27","modified_gmt":"2023-01-18T17:06:27","slug":"revision","status":"publish","type":"page","link":"https:\/\/speed-services-auto.ddns.net\/index.php\/revision\/","title":{"rendered":"R\u00e9vision"},"content":{"rendered":"\n<h1 class=\"has-text-align-left wp-block-heading\">Nos prestations<\/h1>\n\n\n\n<h4 class=\"wp-block-heading\">La r\u00e9vision d&rsquo;un v\u00e9hicule consiste \u00e0 examiner, \u00e0 intervalles r\u00e9guliers, les diff\u00e9rents composants d&rsquo;un v\u00e9hicule. Ces visites permettent de conserver un bon entretien de votre v\u00e9hicule, et contribue \u00e0 sa fiabilit\u00e9, sa performance et sa long\u00e9vit\u00e9.<\/h4>\n\n\n\n<div class=\"wp-block-columns is-layout-flex wp-container-core-columns-is-layout-9d6595d7 wp-block-columns-is-layout-flex\">\n<div class=\"wp-block-column is-layout-flow wp-block-column-is-layout-flow\">\n<h2 class=\"wp-block-heading\">R\u00e9vision Compl\u00e8te :<\/h2>\n\n\n\n<ul class=\"wp-block-list\">\n<li>Filtre \u00e0 air<\/li>\n\n\n\n<li>Filtre \u00e0 carburant<\/li>\n\n\n\n<li>Filtre d&rsquo;habitacle<\/li>\n\n\n\n<li>Filtre \u00e0 huile<\/li>\n\n\n\n<li>Vidange<\/li>\n\n\n\n<li>Mise \u00e0 niveau de tous les fluides<\/li>\n<\/ul>\n<\/div>\n\n\n\n<div class=\"wp-block-column is-layout-flow wp-block-column-is-layout-flow\">\n<h2 class=\"wp-block-heading\">R\u00e9vision Simple :<\/h2>\n\n\n\n<ul class=\"wp-block-list\">\n<li>Filtre \u00e0 air<\/li>\n\n\n\n<li>Filtre \u00e0 huile<\/li>\n\n\n\n<li>Vidange<\/li>\n<\/ul>\n<\/div>\n\n\n\n<div class=\"wp-block-column is-layout-flow wp-block-column-is-layout-flow\">\n<h2 class=\"wp-block-heading\">Vidange Simple :<\/h2>\n\n\n\n<ul class=\"wp-block-list\">\n<li>Filtre \u00e0 Huile<\/li>\n\n\n\n<li>Vidange<\/li>\n<\/ul>\n<\/div>\n<\/div>\n","protected":false},"excerpt":{"rendered":"<p>Nos prestations La r\u00e9vision d&rsquo;un v\u00e9hicule consiste \u00e0 examiner, \u00e0 intervalles r\u00e9guliers, les diff\u00e9rents composants d&rsquo;un v\u00e9hicule. Ces visites permettent de conserver un bon entretien de votre v\u00e9hicule, et contribue \u00e0 sa fiabilit\u00e9, sa performance et sa long\u00e9vit\u00e9. R\u00e9vision Compl\u00e8te : R\u00e9vision Simple : Vidange Simple :<\/p>\n","protected":false},"author":1,"featured_media":0,"parent":0,"menu_order":1,"comment_status":"closed","ping_status":"closed","template":"template\/template-about.php","meta":{"footnotes":""},"class_list":["post-33","page","type-page","status-publish","hentry"],"_links":{"self":[{"href":"https:\/\/speed-services-auto.ddns.net\/index.php\/wp-json\/wp\/v2\/pages\/33","targetHints":{"allow":["GET"]}}],"collection":[{"href":"https:\/\/speed-services-auto.ddns.net\/index.php\/wp-json\/wp\/v2\/pages"}],"about":[{"href":"https:\/\/speed-services-auto.ddns.net\/index.php\/wp-json\/wp\/v2\/types\/page"}],"author":[{"embeddable":true,"href":"https:\/\/speed-services-auto.ddns.net\/index.php\/wp-json\/wp\/v2\/users\/1"}],"replies":[{"embeddable":true,"href":"https:\/\/speed-services-auto.ddns.net\/index.php\/wp-json\/wp\/v2\/comments?post=33"}],"version-history":[{"count":8,"href":"https:\/\/speed-services-auto.ddns.net\/index.php\/wp-json\/wp\/v2\/pages\/33\/revisions"}],"predecessor-version":[{"id":71,"href":"https:\/\/speed-services-auto.ddns.net\/index.php\/wp-json\/wp\/v2\/pages\/33\/revisions\/71"}],"wp:attachment":[{"href":"https:\/\/speed-services-auto.ddns.net\/index.php\/wp-json\/wp\/v2\/media?parent=33"}],"curies":[{"name":"wp","href":"https:\/\/api.w.org\/{rel}","templated":true}]}}